{"id":81,"date":"2024-11-30T11:03:48","date_gmt":"2024-11-30T11:03:48","guid":{"rendered":"https:\/\/dermalexguzellik.com\/?page_id=81"},"modified":"2024-11-30T11:03:48","modified_gmt":"2024-11-30T11:03:48","slug":"kas-vitamini","status":"publish","type":"page","link":"https:\/\/dermalexguzellik.com\/index.php\/kas-vitamini\/","title":{"rendered":"Ka\u015f Vitamini"},"content":{"rendered":"\n<div class=\"section-wrapper\" data-id=\"yN65Ae\"><section class=\"wp-block-gutenverse-section guten-element guten-section guten-yN65Ae hide-tablet hide-mobile layout-boxed align-stretch\"><div class=\"guten-container guten-column-gap-no\">\n<div class=\"wp-block-gutenverse-column guten-element guten-column guten-UAUrv3\"><div class=\"guten-column-wrapper\" data-id=\"UAUrv3\">\n<div class=\"guten-element guten-icon-list guten-JoppnQ inline-icon-list\">\n<div class=\"guten-element guten-icon-list-item guten-l73pHu\"><a id=\"guten-l73pHu\"><i class=\"fas fa-map-marker-alt\"><\/i><span class=\"list-text \">Cumhuriyet Cad. No:70 YALOVA      <\/span><\/a><\/div>\n\n\n\n<div class=\"guten-element guten-icon-list-item guten-c5AHCb\"><a id=\"guten-c5AHCb\"><i class=\"fab fa-whatsapp\"><\/i><span class=\"list-text \">0538 474 60 29<\/span><\/a><\/div>\n<\/div>\n<\/div><\/div>\n\n\n\n<div class=\"wp-block-gutenverse-column guten-element guten-column guten-2ZJHKZ\"><div class=\"guten-column-wrapper\" data-id=\"2ZJHKZ\">\n<div class=\"guten-element guten-social-icons guten-FNUART circle horizontal fill\">\n<div class=\"guten-element guten-social-icon guten-gFIVtK facebook\"><a id=\"guten-gFIVtK\" href=\"https:\/\/www.facebook.com\/dermalexguzellik\"><i class=\"gtn gtn-facebook-light\"><\/i><\/a><\/div>\n\n\n\n<div class=\"guten-element guten-social-icon guten-NYqYwk instagram\"><a id=\"guten-NYqYwk\" href=\"https:\/\/www.instagram.com\/dermalexguzellik\/\"><i class=\"gtn gtn-instagram-1-light\"><\/i><\/a><\/div>\n<\/div>\n<\/div><\/div>\n<\/div><\/section><\/div>\n\n\n\n<div class=\"section-wrapper\" data-id=\"5cH0CA\"><section class=\"wp-block-gutenverse-section guten-element guten-section guten-5cH0CA layout-boxed align-stretch\"><div class=\"guten-container guten-column-gap-no\">\n<div class=\"wp-block-gutenverse-column guten-element guten-column guten-LiTqr7\"><div class=\"guten-column-wrapper\" data-id=\"LiTqr7\">\n<div class=\"wp-block-columns is-layout-flex wp-container-core-columns-is-layout-28f84493 wp-block-columns-is-layout-flex\">\n<div class=\"wp-block-column is-layout-flow wp-block-column-is-layout-flow\" style=\"flex-basis:100%\">\n<div class=\"wp-block-gutenverse-image guten-element guten-image guten-gkqNZi\"><a class=\"guten-image-wrapper\" href=\"#\"><img decoding=\"async\" class=\"gutenverse-image-box-filled\" src=\"https:\/\/dermalexguzellik.com\/wp-content\/uploads\/2024\/11\/logo.png\" height=\"129\" width=\"558\"\/><\/a><\/div>\n<\/div>\n<\/div>\n<\/div><\/div>\n\n\n\n<div class=\"wp-block-gutenverse-column guten-element guten-column guten-m5xe61\"><div class=\"guten-column-wrapper\" data-id=\"m5xe61\"><div id=\"guten-eDWqTg\" class=\"guten-element guten-nav-menu nav-menu break-point-tablet submenu-click-title \" data-item-indicator=\"gtn gtn-angle-down-solid\" data-item-indicator-type=\"icon\" data-item-indicator-svg=\"\" data-close-on-click=\"1\" aria-label=\"\">\n\t\t\t<div class=\"gutenverse-hamburger-wrapper\">\n\t\t\t\t<button class=\"gutenverse-hamburger-menu\" aria-label=\"\">\n\t\t\t\t<i aria-hidden=\"true\" class=\"gtn gtn-bars-solid\"><\/i>\n\t\t\t\t<\/button>\n\t\t\t<\/div>\n\t\t\t\n\t\t\t<div class=\"gutenverse-menu-wrapper\"><div class=\"gutenverse-menu-container\"><ul id=\"menu-menu-1\" class=\"gutenverse-menu\"><li id=\"menu-item-46\" class=\"menu-item-46  menu-item menu-item-type-post_type menu-item-object-page menu-item-home\"><a href=\"javascript:void(0);\" data-href=\"https:\/\/dermalexguzellik.com\/\" aria-label=\"Ana Sayfa\">Ana Sayfa<\/a><\/li>\n<li id=\"menu-item-47\" class=\"menu-item-47  menu-item menu-item-type-post_type menu-item-object-page\"><a href=\"javascript:void(0);\" data-href=\"https:\/\/dermalexguzellik.com\/index.php\/about-us\/\" aria-label=\"Hakk\u0131m\u0131zda\">Hakk\u0131m\u0131zda<\/a><\/li>\n<li id=\"menu-item-66\" class=\"menu-item-66  menu-item menu-item-type-custom menu-item-object-custom menu-item-has-children\"><a href=\"javascript:void(0);\" data-href=\"#\" aria-label=\"\u0130\u015flemler\">\u0130\u015flemler<\/a>\n<ul class=\"sub-menu\">\n<li id=\"menu-item-67\" class=\"menu-item-67  menu-item menu-item-type-post_type menu-item-object-page\"><a href=\"javascript:void(0);\" data-href=\"https:\/\/dermalexguzellik.com\/index.php\/lazer-epilasyon\/\" aria-label=\"Lazer Epilasyon\">Lazer Epilasyon<\/a><\/li>\n<li id=\"menu-item-94\" class=\"menu-item-94  menu-item menu-item-type-post_type menu-item-object-page\"><a href=\"javascript:void(0);\" data-href=\"https:\/\/dermalexguzellik.com\/index.php\/cilt-bakimi\/\" aria-label=\"Cilt Bak\u0131m\u0131\">Cilt Bak\u0131m\u0131<\/a><\/li>\n<li id=\"menu-item-92\" class=\"menu-item-92  menu-item menu-item-type-post_type menu-item-object-page\"><a href=\"javascript:void(0);\" data-href=\"https:\/\/dermalexguzellik.com\/index.php\/hydrafacial\/\" aria-label=\"Hydrafacial\">Hydrafacial<\/a><\/li>\n<li id=\"menu-item-93\" class=\"menu-item-93  menu-item menu-item-type-post_type menu-item-object-page\"><a href=\"javascript:void(0);\" data-href=\"https:\/\/dermalexguzellik.com\/index.php\/ayak-bakimi\/\" aria-label=\"Ayak Bak\u0131m\u0131\">Ayak Bak\u0131m\u0131<\/a><\/li>\n<li id=\"menu-item-89\" class=\"menu-item-89  menu-item menu-item-type-post_type menu-item-object-page\"><a href=\"javascript:void(0);\" data-href=\"https:\/\/dermalexguzellik.com\/index.php\/kirpik-lifting\/\" aria-label=\"Kirpik Lifting\">Kirpik Lifting<\/a><\/li>\n<li id=\"menu-item-90\" class=\"menu-item-90  menu-item menu-item-type-post_type menu-item-object-page\"><a href=\"javascript:void(0);\" data-href=\"https:\/\/dermalexguzellik.com\/index.php\/kas-vitamini\/\" aria-label=\"Ka\u015f Vitamini\">Ka\u015f Vitamini<\/a><\/li>\n<li id=\"menu-item-91\" class=\"menu-item-91  menu-item menu-item-type-post_type menu-item-object-page\"><a href=\"javascript:void(0);\" data-href=\"https:\/\/dermalexguzellik.com\/index.php\/aqua-peeling\/\" aria-label=\"Aqua Peeling\">Aqua Peeling<\/a><\/li>\n<\/ul>\n<\/li>\n<li id=\"menu-item-48\" class=\"menu-item-48  menu-item menu-item-type-post_type menu-item-object-page\"><a href=\"javascript:void(0);\" data-href=\"https:\/\/dermalexguzellik.com\/index.php\/contact\/\" aria-label=\"\u0130leti\u015fim\">\u0130leti\u015fim<\/a><\/li>\n<\/ul><\/div>\n\t\t\t\t<div>\n\t\t\t\t\t<div class=\"gutenverse-nav-identity-panel\">\n\t\t\t\t\t\t<div class=\"gutenverse-nav-site-title\">\n\t\t\t\t\t\t\t<a aria-label=\"\" href=\"https:\/\/dermalexguzellik.com\" class=\"gutenverse-nav-logo\"><img fetchpriority=\"high\" decoding=\"async\" loading=\"eager\" src=\"https:\/\/dermalexguzellik.com\/wp-content\/uploads\/2024\/11\/logo-1.png\" alt=\"Dermalex G\u00fczellik - Just another WordPress site\" width=\"833\" height=\"192\"><\/a>\n\t\t\t\t\t\t<\/div>\n\t\t\t\t\t\t<button class=\"gutenverse-close-menu\" aria-label=\"\"><i aria-hidden=\"true\" class=\"gtn gtn-times-solid\"><\/i><\/button>\n\t\t\t\t\t<\/div>\n\t\t\t\t<\/div>\n\t\t\t<\/div>\n\t\t<\/div><\/div><\/div>\n\n\n\n<div class=\"wp-block-gutenverse-column guten-element guten-column guten-8BfUtd hide-tablet hide-mobile\"><div class=\"guten-column-wrapper\" data-id=\"8BfUtd\">\n<div class=\"guten-element guten-button-wrapper guten-yciGpQ\"><a class=\"guten-button guten-button-sm\" href=\"#\"><span>Randevu Al<\/span><\/a><\/div>\n<\/div><\/div>\n<\/div><\/section><\/div>\n\n\n\n<div class=\"section-wrapper\" data-id=\"3L05JD\"><section class=\"wp-block-gutenverse-section guten-element guten-section guten-3L05JD layout-boxed align-stretch\"><div class=\"guten-background-overlay\"><\/div><div class=\"guten-container guten-column-gap-default\">\n<div class=\"wp-block-gutenverse-column guten-element guten-column guten-IG7Ar2\"><div class=\"guten-column-wrapper\" data-id=\"IG7Ar2\">\n<h1 class=\"wp-block-gutenverse-heading guten-element guten-oIaRim\">Ka\u015f Vitamini<\/h1>\n<\/div><\/div>\n\n\n\n<div class=\"wp-block-gutenverse-column guten-element guten-column guten-SnNvcD\"><div class=\"guten-column-wrapper\" data-id=\"SnNvcD\">\n<div class=\"guten-element guten-icon-list guten-ypiEpm inline-icon-list\">\n<div class=\"guten-element guten-icon-list-item guten-NkePWt\"><a id=\"guten-NkePWt\"><i class=\"\"><\/i><span class=\"list-text \">\u0130\u015flemler<\/span><\/a><\/div>\n\n\n\n<div class=\"guten-element guten-icon-list-item guten-ZfIwXZ\"><a id=\"guten-ZfIwXZ\"><i class=\"fas fa-chevron-right\"><\/i><span class=\"list-text \">Ka\u015f Vitamini<\/span><\/a><\/div>\n<\/div>\n<\/div><\/div>\n<\/div><\/section><\/div>\n\n\n\n<div class=\"section-wrapper\" data-id=\"4APOe1\"><section class=\"wp-block-gutenverse-section guten-element guten-section guten-4APOe1 layout-boxed align-stretch\"><div class=\"guten-container guten-column-gap-default\">\n<div class=\"wp-block-gutenverse-column guten-element guten-column guten-U28ryi\"><div class=\"guten-column-wrapper\" data-id=\"U28ryi\">\n<div class=\"guten-element guten-advanced-heading guten-UyfgMi\"><h5 class=\"heading-subtitle\"><\/h5><div class=\"heading-section \"><h2 class=\"heading-title\"><span class=\"heading-title\">Ka\u015f Vitamini<\/span><span class=\"heading-focus\"><\/span><\/h2><\/div><\/div>\n\n\n\n<div class=\"guten-element gutenverse-text-editor guten-IMjAmv\"><div class=\"text-content-inner\">\n<p class=\"has-text-align-left\" style=\"margin-top:0;margin-right:0;margin-bottom:0;margin-left:0\">Ka\u015flar\u0131n eski formunu kazanmas\u0131n\u0131 ve sa\u011fl\u0131kl\u0131 yap\u0131s\u0131na geri d\u00f6nmesine yard\u0131mc\u0131 olur D\u00f6k\u00fclm\u00fc\u015f, k\u00fcsm\u00fc\u015f ya da incelmi\u015f ka\u015flar\u0131 g\u00fc\u00e7lendirmek amac\u0131yla ka\u015f k\u00f6klerine vitamin verilmesi i\u015flemidir.<\/p>\n\n\n\n<p class=\"has-text-align-left\" style=\"margin-top:0;margin-right:0;margin-bottom:0;margin-left:0\">Ka\u015f vitamini uygulamas\u0131nda;&nbsp;k\u0131l k\u00f6klerini destekleyen ve g\u00fc\u00e7lendiren \u00e7e\u015fitli vitaminler cihaz yard\u0131m\u0131 ile ka\u015flara n\u00fcfuz ettiriliyor. Bu sayede k\u00fcsm\u00fc\u015f ve i\u015flevselli\u011fini yitirmi\u015f ka\u015f k\u00f6kleri canland\u0131r\u0131l\u0131yor. Vitaminlerle haz\u0131rlanm\u0131\u015f serum, cihaz yard\u0131m\u0131 ile ka\u015f\u0131n tamam\u0131na ve ka\u015f diplerine uygulan\u0131yor.<\/p>\n<\/div><\/div>\n<\/div><\/div>\n\n\n\n<div class=\"wp-block-gutenverse-column guten-element guten-column guten-zZsTrK\"><div class=\"guten-column-wrapper\" data-id=\"zZsTrK\">\n<div class=\"section-wrapper\" data-id=\"SeeUbE\"><section class=\"wp-block-gutenverse-section guten-element guten-section guten-SeeUbE layout-boxed align-stretch\"><div class=\"guten-container guten-column-gap-no\">\n<div class=\"wp-block-gutenverse-column guten-element guten-column guten-kuaOWM\"><div class=\"guten-column-wrapper\" data-id=\"kuaOWM\">\n<figure class=\"wp-block-gallery has-nested-images columns-default is-cropped wp-block-gallery-1 is-layout-flex wp-block-gallery-is-layout-flex\">\n<figure class=\"wp-block-image size-full\"><img decoding=\"async\" width=\"585\" height=\"719\" data-id=\"82\" src=\"https:\/\/dermalexguzellik.com\/wp-content\/uploads\/2024\/11\/kas-vitamini-hizmeti-e1605136329224.jpg\" alt=\"\" class=\"wp-image-82\" srcset=\"https:\/\/dermalexguzellik.com\/wp-content\/uploads\/2024\/11\/kas-vitamini-hizmeti-e1605136329224.jpg 585w, https:\/\/dermalexguzellik.com\/wp-content\/uploads\/2024\/11\/kas-vitamini-hizmeti-e1605136329224-244x300.jpg 244w\" sizes=\"(max-width: 585px) 100vw, 585px\" \/><\/figure>\n<\/figure>\n<\/div><\/div>\n<\/div><\/section><\/div>\n<\/div><\/div>\n<\/div><\/section><\/div>\n\n\n\n<div class=\"section-wrapper\" data-id=\"IU7d4G\"><section class=\"wp-block-gutenverse-section guten-element guten-section guten-IU7d4G layout-boxed align-stretch\"><div class=\"guten-background-overlay\"><\/div><div class=\"guten-container guten-column-gap-default\">\n<div class=\"wp-block-gutenverse-column guten-element guten-column guten-x55ZcN\"><div class=\"guten-column-wrapper\" data-id=\"x55ZcN\">\n<div class=\"section-wrapper\" data-id=\"ZJri5u\"><section class=\"wp-block-gutenverse-section guten-element guten-section guten-ZJri5u layout-boxed align-stretch\"><div class=\"guten-container guten-column-gap-no\">\n<div class=\"wp-block-gutenverse-column guten-element guten-column guten-PblWWu\"><div class=\"guten-column-wrapper\" data-id=\"PblWWu\">\n<div class=\"wp-block-gutenverse-image guten-element guten-image guten-2ffFQ1\"><a class=\"guten-image-wrapper\" href=\"#\"><img decoding=\"async\" class=\"gutenverse-image-box-filled\" src=\"https:\/\/dermalexguzellik.com\/wp-content\/uploads\/2024\/11\/logo.png\" height=\"129\" width=\"558\"\/><\/a><\/div>\n\n\n\n<div class=\"guten-element gutenverse-text-editor guten-4lUoYd\"><div class=\"text-content-inner\">\n<p>Cumhuriyet Cd. No: 70\/2 YALOVA<\/p>\n\n\n\n<p><\/p>\n<\/div><\/div>\n\n\n\n<div class=\"guten-element guten-icon-list guten-M6M1Mj\">\n<div class=\"guten-element guten-icon-list-item guten-R0Rmpq\"><a id=\"guten-R0Rmpq\" aria-label=\"\"><i class=\"fas fa-phone-square\"><\/i><span class=\"list-text \">0226 812 20 40<\/span><\/a><\/div>\n\n\n\n<div class=\"guten-element guten-icon-list-item guten-UTeozd\"><a id=\"guten-UTeozd\" aria-label=\"\"><i class=\"gtn gtn-whatsapp-1-light\"><\/i><span class=\"list-text \">0538 474 60 29<\/span><\/a><\/div>\n<\/div>\n\n\n\n<div class=\"guten-element guten-social-icons guten-MMYMGk circle horizontal fill\">\n<div class=\"guten-element guten-social-icon guten-wuuOpQ facebook\"><a id=\"guten-wuuOpQ\" href=\"https:\/\/www.facebook.com\/dermalexguzellik\"><i class=\"gtn gtn-facebook-light\"><\/i><\/a><\/div>\n\n\n\n<div class=\"guten-element guten-social-icon guten-xyGvuB instagram\"><a id=\"guten-xyGvuB\" href=\"https:\/\/www.instagram.com\/dermalexguzellik\/\"><i class=\"fab fa-instagram\"><\/i><\/a><\/div>\n<\/div>\n<\/div><\/div>\n\n\n\n<div class=\"wp-block-gutenverse-column guten-element guten-column guten-lQOFE5\"><div class=\"guten-column-wrapper\" data-id=\"lQOFE5\">\n<h4 class=\"wp-block-gutenverse-heading guten-element guten-MniglI\">\u0130\u015flemler<\/h4>\n\n\n\n<div class=\"wp-block-gutenverse-divider guten-element guten-divider guten-OyAVu4\"><div class=\"guten-divider-wrapper\"><div class=\"guten-divider-default guten-divider-line guten-divider-regular\"><\/div><\/div><\/div>\n\n\n\n<div class=\"guten-element guten-icon-list guten-KuluKY\">\n<div class=\"guten-element guten-icon-list-item guten-3QpSpP\"><a id=\"guten-3QpSpP\" href=\"https:\/\/dermalexguzellik.com\/index.php\/lazer-epilasyon\/\"><i class=\"\"><\/i><span class=\"list-text \">Lazer Epilasyon<\/span><\/a><\/div>\n\n\n\n<div class=\"guten-element guten-icon-list-item guten-8o0bXo\"><a id=\"guten-8o0bXo\" href=\"https:\/\/dermalexguzellik.com\/index.php\/cilt-bakimi\/\"><i class=\"\"><\/i><span class=\"list-text \">Cilt Bak\u0131m\u0131<\/span><\/a><\/div>\n\n\n\n<div class=\"guten-element guten-icon-list-item guten-HdqMe4\"><a id=\"guten-HdqMe4\" href=\"https:\/\/dermalexguzellik.com\/index.php\/hydrafacial\/\"><i class=\"\"><\/i><span class=\"list-text \">Hydrafacial<\/span><\/a><\/div>\n\n\n\n<div class=\"guten-element guten-icon-list-item guten-5G3rho\"><a id=\"guten-5G3rho\" href=\"https:\/\/dermalexguzellik.com\/index.php\/ayak-bakimi\/\"><i class=\"\"><\/i><span class=\"list-text \">Ayak Bak\u0131m\u0131<\/span><\/a><\/div>\n\n\n\n<div class=\"guten-element guten-icon-list-item guten-f7Kmpi\"><a id=\"guten-f7Kmpi\" href=\"https:\/\/dermalexguzellik.com\/index.php\/kirpik-lifting\/\"><i class=\"\"><\/i><span class=\"list-text \">Kirpik Lifting<\/span><\/a><\/div>\n\n\n\n<div class=\"guten-element guten-icon-list-item guten-WO5HuS\"><a id=\"guten-WO5HuS\" href=\"https:\/\/dermalexguzellik.com\/index.php\/kas-vitamini\/\"><i class=\"\"><\/i><span class=\"list-text \">Ka\u015f Vitamini<\/span><\/a><\/div>\n\n\n\n<div class=\"guten-element guten-icon-list-item guten-LWIZ19\"><a id=\"guten-LWIZ19\" href=\"https:\/\/dermalexguzellik.com\/index.php\/aqua-peeling\/\"><i class=\"\"><\/i><span class=\"list-text \">Aqua Peeling<\/span><\/a><\/div>\n<\/div>\n<\/div><\/div>\n\n\n\n<div class=\"wp-block-gutenverse-column guten-element guten-column guten-GwAePV\"><div class=\"guten-column-wrapper\" data-id=\"GwAePV\">\n<h4 class=\"wp-block-gutenverse-heading guten-element guten-3QGNGU\">\u00c7al\u0131\u015fma Saatlerimiz<\/h4>\n\n\n\n<div class=\"wp-block-gutenverse-divider guten-element guten-divider guten-dx6rf5\"><div class=\"guten-divider-wrapper\"><div class=\"guten-divider-default guten-divider-line guten-divider-regular\"><\/div><\/div><\/div>\n\n\n\n<div class=\"guten-element guten-icon-list guten-jRy97i\">\n<div class=\"guten-element guten-icon-list-item guten-18hZoF\"><a id=\"guten-18hZoF\"><i class=\"far fa-clock\"><\/i><span class=\"list-text \">09:00 &#8211; 20:00 Pazartesi&#8217;den  Cumartesi&#8217;ye<\/span><\/a><\/div>\n<\/div>\n\n\n\n<div class=\"guten-element guten-AvXg14 guten-icon-box icon-position-left\"><a class=\"\" href=\"tel:+902268122040\"><div class=\"guten-icon-box-wrapper hover-from-left\"><div class=\"icon-box icon-box-header\"><div class=\"icon style-color\"><i class=\"gtn gtn-phone-call-line\"><\/i><\/div><\/div><div class=\"icon-box icon-box-body\"><h4 class=\"title\">Hemen Ara<\/h4><p class=\"icon-box-description\">+<a href=\"https:\/\/www.google.com\/search?q=Dermalex+g%C3%BCzellik+merkezi&amp;oq=Dermalex+g%C3%BCzellik+merkezi&amp;gs_lcrp=EgZjaHJvbWUyBggAEEUYOTIHCAEQABiABDIICAIQABgWGB4yCAgDEAAYFhgeMggIBBAAGBYYHjIKCAUQABiiBBiJBTIKCAYQABiABBiiBDIKCAcQABiABBiiBDIKCAgQABiABBiiBNIBCDI1MTZqMGo3qAIAsAIA&amp;sourceid=chrome&amp;ie=UTF-8#\">90 226 812 20 40<\/a><\/p><\/div><\/div><\/a><\/div>\n<\/div><\/div>\n<\/div><\/section><\/div>\n\n\n\n<div class=\"section-wrapper\" data-id=\"jQlgck\"><section class=\"wp-block-gutenverse-section guten-element guten-section guten-jQlgck layout-boxed align-stretch\"><div class=\"guten-container guten-column-gap-no\">\n<div class=\"wp-block-gutenverse-column guten-element guten-column guten-tI6ZKr\"><div class=\"guten-column-wrapper\" data-id=\"tI6ZKr\">\n<div class=\"guten-element gutenverse-text-editor guten-AszWBd\"><div class=\"text-content-inner\">\n<p>Tasar\u0131m : Mavi Reklam<\/p>\n<\/div><\/div>\n<\/div><\/div>\n\n\n\n<div class=\"wp-block-gutenverse-column guten-element guten-column guten-JLx6Ve\"><div class=\"guten-column-wrapper\" data-id=\"JLx6Ve\">\n<div class=\"guten-element gutenverse-text-editor guten-OrsUyA\"><div class=\"text-content-inner\">\n<p><\/p>\n<\/div><\/div>\n<\/div><\/div>\n<\/div><\/section><\/div>\n<\/div><\/div>\n<\/div><\/section><\/div>\n\n\n\n<p><\/p>\n","protected":false},"excerpt":{"rendered":"","protected":false},"author":2,"featured_media":0,"parent":0,"menu_order":0,"comment_status":"closed","ping_status":"closed","template":"blank-canvas","meta":{"footnotes":""},"class_list":["post-81","page","type-page","status-publish","hentry"],"_links":{"self":[{"href":"https:\/\/dermalexguzellik.com\/index.php\/wp-json\/wp\/v2\/pages\/81","targetHints":{"allow":["GET"]}}],"collection":[{"href":"https:\/\/dermalexguzellik.com\/index.php\/wp-json\/wp\/v2\/pages"}],"about":[{"href":"https:\/\/dermalexguzellik.com\/index.php\/wp-json\/wp\/v2\/types\/page"}],"author":[{"embeddable":true,"href":"https:\/\/dermalexguzellik.com\/index.php\/wp-json\/wp\/v2\/users\/2"}],"replies":[{"embeddable":true,"href":"https:\/\/dermalexguzellik.com\/index.php\/wp-json\/wp\/v2\/comments?post=81"}],"version-history":[{"count":1,"href":"https:\/\/dermalexguzellik.com\/index.php\/wp-json\/wp\/v2\/pages\/81\/revisions"}],"predecessor-version":[{"id":85,"href":"https:\/\/dermalexguzellik.com\/index.php\/wp-json\/wp\/v2\/pages\/81\/revisions\/85"}],"wp:attachment":[{"href":"https:\/\/dermalexguzellik.com\/index.php\/wp-json\/wp\/v2\/media?parent=81"}],"curies":[{"name":"wp","href":"https:\/\/api.w.org\/{rel}","templated":true}]}}